{"id":2225,"date":"2024-10-03T07:34:13","date_gmt":"2024-10-03T07:34:13","guid":{"rendered":"https:\/\/test1.swisspro.ch\/?page_id=2225"},"modified":"2024-12-17T13:25:56","modified_gmt":"2024-12-17T13:25:56","slug":"protection-des-donnees","status":"publish","type":"page","link":"https:\/\/trusting-fermi.213-167-227-117.plesk.page\/fr\/protection-des-donnees\/","title":{"rendered":"Protection des donn\u00e9es"},"content":{"rendered":"<div class=\"wpb-content-wrapper\"><p>[vc_row][vc_column][vc_column_text]<\/p>\n<h1>Protection des donn\u00e9es<\/h1>\n<h2>Responsabilit\u00e9<\/h2>\n<p>Bien que swisspro AG veille avec le plus grand soin \u00e0 la justesse des informations publi\u00e9es, aucune garantie ne peut \u00eatre donn\u00e9e quant \u00e0 l&rsquo;exactitude, la pr\u00e9cision, l&rsquo;actualit\u00e9, la fiabilit\u00e9 et le caract\u00e8re complet du contenu de ces informations.<\/p>\n<p>swisspro AG se r\u00e9serve express\u00e9ment le droit de modifier, de supprimer ou de ne pas publier temporairement tout ou partie des contenus, et ce \u00e0 tout moment et sans pr\u00e9avis.<\/p>\n<p>swisspro AG ne saurait \u00eatre tenue responsable des dommages mat\u00e9riels ou immat\u00e9riels qui pourraient \u00eatre caus\u00e9s par l&rsquo;acc\u00e8s aux informations diffus\u00e9es ou par leur utilisation ou non-utilisation, par le mauvais usage de la connexion ou par des probl\u00e8mes techniques.<\/p>\n<p>&nbsp;<\/p>\n<h2>Renvois et liens<\/h2>\n<p>Les renvois et liens vers des sites Internet de tiers ne rel\u00e8vent pas de la responsabilit\u00e9 de swisspro AG, de m\u00eame que les renvois et liens de tiers qui renvoient au site Internet de swisspro AG. L&rsquo;acc\u00e8s \u00e0 de tels sites et leur utilisation se font aux risques et p\u00e9rils de l&rsquo;utilisateur ou de l&rsquo;utilisatrice. La soci\u00e9t\u00e9 swisspro AG d\u00e9clare express\u00e9ment qu&rsquo;elle n&rsquo;a aucune influence sur la conception, le contenu et les offres des sites auxquels elle renvoie. Les informations et prestations de services des sites web li\u00e9s rel\u00e8vent enti\u00e8rement de la responsabilit\u00e9 du tiers concern\u00e9.<\/p>\n<p>Toute responsabilit\u00e9 pour de tels sites est rejet\u00e9e.<\/p>\n<p>&nbsp;<\/p>\n<h2>Protection des donn\u00e9es<\/h2>\n<p>En vertu de l&rsquo;article 13 de la Constitution f\u00e9d\u00e9rale suisse et des dispositions f\u00e9d\u00e9rales relatives \u00e0 la protection des donn\u00e9es, toute personne a droit \u00e0 la protection de sa sph\u00e8re priv\u00e9e ainsi qu&rsquo;\u00e0 la protection contre l&#8217;emploi abusif de ses donn\u00e9es personnelles. La soci\u00e9t\u00e9 swisspro AG respecte ces dispositions. Les donn\u00e9es personnelles sont trait\u00e9es conform\u00e9ment aux dispositions de la loi f\u00e9d\u00e9rale sur la protection des donn\u00e9es.<\/p>\n<p>En \u00e9troite collaboration avec nos fournisseurs d&rsquo;h\u00e9bergement, nous nous effor\u00e7ons de prot\u00e9ger autant que possible les bases de donn\u00e9es contre les acc\u00e8s \u00e9trangers, les pertes, les abus ou les falsifications.<\/p>\n<p>Lors de la visite de ce site web, des informations anonymes sur l&rsquo;acc\u00e8s (date, heure, page consult\u00e9e) peuvent \u00eatre enregistr\u00e9es sur le serveur. Les types de navigateurs utilis\u00e9s, les syst\u00e8mes d&rsquo;exploitation, la page Internet \u00e0 partir de laquelle vous avez \u00e9t\u00e9 redirig\u00e9 vers ce site, une adresse de protocole Internet et d&rsquo;autres donn\u00e9es similaires sont \u00e9galement enregistr\u00e9s dans ce que l&rsquo;on appelle des fichiers journaux. Ces donn\u00e9es servent \u00e0 l&rsquo;analyse technique en cas de travaux de maintenance et \u00e9galement \u00e0 la d\u00e9fense contre les dangers en cas d&rsquo;attaques sur nos syst\u00e8mes. Lors de l&rsquo;utilisation de ces donn\u00e9es, nous ne tirons aucune conclusion sur la personne concern\u00e9e. Les donn\u00e9es sont utilis\u00e9es \u00e0 des fins statistiques et pour prot\u00e9ger la s\u00e9curit\u00e9 des donn\u00e9es.<\/p>\n<p>Ces donn\u00e9es d&rsquo;utilisation constituent la base d&rsquo;\u00e9valuations statistiques anonymes, ce qui permet de d\u00e9gager des tendances \u00e0 partir desquelles swisspro AG peut am\u00e9liorer son offre en cons\u00e9quence.<\/p>\n<p>Conform\u00e9ment \u00e0 la loi f\u00e9d\u00e9rale sur la surveillance de la correspondance par poste et t\u00e9l\u00e9communication (LSCPT), il existe une obligation l\u00e9gale de conserver les donn\u00e9es de connexion des six derniers mois.<\/p>\n<p>&nbsp;<\/p>\n<h2>Cryptage SSL<\/h2>\n<p>Lorsqu&rsquo;il s&rsquo;agit de la transmission de contenus confidentiels ou personnels de nos utilisateurs, ce site Internet utilise un cryptage SSL. Ce cryptage est activ\u00e9, par exemple, lors du traitement des op\u00e9rations de paiement et des demandes que vous nous adressez via ce site web. Veuillez noter que le cryptage est activ\u00e9 lors des activit\u00e9s correspondantes de votre part. L&rsquo;utilisation du cryptage peut \u00eatre d\u00e9tect\u00e9e comme suit : L&rsquo;affichage dans la ligne de votre navigateur passe de \u00ab http:\/\/ \u00bb \u00e0 \u00ab https:\/\/ \u00bb. Les donn\u00e9es crypt\u00e9es via SSL ne peuvent pas \u00eatre lues par des tiers. Ne transmettez vos informations confidentielles que si le cryptage SSL est activ\u00e9 et adressez-vous \u00e0 nous en cas de doute.<\/p>\n<p>&nbsp;<\/p>\n<h2>Cookies<\/h2>\n<p>Ce site web utilise des cookies. Les cookies sont de petits fichiers texte qui sont stock\u00e9s de mani\u00e8re permanente ou temporaire sur votre ordinateur, votre tablette ou votre appareil mobile lorsque vous visitez ce site. L&rsquo;objectif des cookies est notamment d&rsquo;analyser l&rsquo;utilisation de ce site web \u00e0 des fins d&rsquo;\u00e9valuation statistique et d&rsquo;am\u00e9lioration continue. Vous pouvez \u00e0 tout moment d\u00e9sactiver tout ou partie des cookies dans les param\u00e8tres de votre navigateur. Si les cookies sont d\u00e9sactiv\u00e9s, il se peut que vous ne disposiez plus de toutes les fonctions de ce site web.<\/p>\n<p>Nous attirons \u00e9galement votre attention sur le fait que ce site web peut contenir des cookies de tiers.<\/p>\n<p>En utilisant ce site web, vous acceptez express\u00e9ment l&rsquo;utilisation de tous les cookies.<\/p>\n<p>&nbsp;<\/p>\n<h2>Google Analytics<\/h2>\n<p>Ce site web utilise Google Analytics, un service d&rsquo;analyse web de Google Inc, USA (Google). Google Analytics utilise des cookies. Ces cookies sont des fichiers texte qui sont plac\u00e9s sur votre ordinateur, votre tablette ou votre appareil mobile afin d&rsquo;analyser votre utilisation du site.<\/p>\n<p>Les informations g\u00e9n\u00e9r\u00e9es par les cookies concernant votre utilisation du site web (date et heure de la demande, lieu et fr\u00e9quence d&rsquo;acc\u00e8s au site web, origine, langue, syst\u00e8me d&rsquo;exploitation, navigateur, comportement de clic, source du visiteur, r\u00e9solution de l&rsquo;ordinateur, dur\u00e9e de la visite du site web, y compris votre adresse IP anonymis\u00e9e) sont transmises \u00e0 un serveur de Google aux Etats-Unis et y sont enregistr\u00e9es.<\/p>\n<p>Sur notre site web, nous utilisons Google-Analytics avec une fonction d&rsquo;anonymisation IP. Dans ce cas, votre adresse IP est d\u00e9j\u00e0 raccourcie par Google au sein des \u00c9tats membres de l&rsquo;Union europ\u00e9enne ou dans d&rsquo;autres \u00c9tats signataires de l&rsquo;accord sur l&rsquo;Espace \u00e9conomique europ\u00e9en et ainsi anonymis\u00e9e. Ce n&rsquo;est que dans des cas exceptionnels que l&rsquo;adresse IP compl\u00e8te est transmise \u00e0 un serveur de Google aux \u00c9tats-Unis et y est abr\u00e9g\u00e9e.<\/p>\n<p>Les informations collect\u00e9es par Google Analytics sont utilis\u00e9es pour \u00e9valuer votre utilisation du site web, pour \u00e9tablir des rapports sur les activit\u00e9s du site web \u00e0 l&rsquo;intention des exploitants du site web et pour nous fournir d&rsquo;autres services li\u00e9s \u00e0 l&rsquo;utilisation du site web et d&rsquo;Internet.<\/p>\n<p>Google transmettra \u00e9ventuellement ces informations \u00e0 des tiers, dans la mesure o\u00f9 cela est prescrit par la loi ou si des tiers traitent ces donn\u00e9es pour le compte de Google. L&rsquo;adresse IP transmise par votre navigateur dans le cadre de Google Analytics n&rsquo;est, selon les propres indications de Google, pas recoup\u00e9e avec d&rsquo;autres donn\u00e9es de Google.<\/p>\n<p>Vous pouvez emp\u00eacher l&rsquo;installation des cookies en param\u00e9trant votre logiciel de navigation en cons\u00e9quence ; nous attirons toutefois votre attention sur le fait que, dans ce cas, vous ne pourrez peut-\u00eatre pas utiliser toutes les fonctions de notre site web dans leur int\u00e9gralit\u00e9.<\/p>\n<p>Google propose une option de d\u00e9sactivation pour les navigateurs les plus courants. Si vous activez cette option de d\u00e9sactivation, aucune information sur la visite du site web ne sera transmise \u00e0 Google Analytics. L&rsquo;activation de l&rsquo;option de d\u00e9sactivation n&#8217;emp\u00eache cependant pas la transmission d&rsquo;informations \u00e0 nous-m\u00eames ou \u00e0 d&rsquo;autres services d&rsquo;analyse web que nous utilisons \u00e9ventuellement.<\/p>\n<p>Pour plus d&rsquo;informations sur l&rsquo;option de d\u00e9sactivation mise \u00e0 disposition par Google et sur l&rsquo;activation de cette option de d\u00e9sactivation, veuillez cliquer sur le lien suivant : https:\/\/tools.google.com\/dlpage\/gaoptout?hl=de<\/p>\n<p>En utilisant ce site web, vous acceptez express\u00e9ment le traitement de vos donn\u00e9es par Google conform\u00e9ment aux conditions d&rsquo;utilisation de Google Analytics (https:\/\/www.google.com\/analytics\/ terms\/fr.html).<\/p>\n<p>&nbsp;<\/p>\n<h2>Formulaire de contact<\/h2>\n<p>En cas de prise de contact volontaire via le formulaire de contact, vos donn\u00e9es de contact sont enregistr\u00e9es dans une base de donn\u00e9es s\u00e9par\u00e9e, qui n&rsquo;est pas reli\u00e9e aux fichiers log anonymes.<\/p>\n<p>&nbsp;<\/p>\n<h2>S\u00e9curit\u00e9<\/h2>\n<p>Si des donn\u00e9es sont transmises \u00e0 swisspro AG (par exemple au moyen d&rsquo;un formulaire de contact mis \u00e0 disposition), il n&rsquo;est pas possible de garantir une transmission confidentielle ou fiable des donn\u00e9es. En outre, swisspro AG r\u00e9pond normalement \u00e0 de tels contacts par voie \u00e9lectronique, ce qui ne permet pas de garantir la confidentialit\u00e9 et l&rsquo;int\u00e9grit\u00e9 des donn\u00e9es transmises. Il est donc recommand\u00e9 de ne pas transmettre de donn\u00e9es sensibles (par exemple confidentielles) par ce biais.<\/p>\n<p>Il n&rsquo;en va autrement que pour les offres Internet pour lesquelles il est express\u00e9ment fait mention d&rsquo;une transmission s\u00e9curis\u00e9e des donn\u00e9es. Dans ce cas, les mesures de s\u00e9curit\u00e9 particuli\u00e8res sont g\u00e9n\u00e9ralement indiqu\u00e9es (par exemple par https ou par un symbole de cl\u00e9 ou de cadenas).<\/p>\n<h2>Copyright<\/h2>\n<p>Copyright, swisspro AG<\/p>\n<p>Les informations contenues sur le site Internet de swisspro.ch sont mises \u00e0 la disposition du public. Le t\u00e9l\u00e9chargement ou la copie de contenus, d&rsquo;images, de photos ou d&rsquo;autres fichiers ne conf\u00e8re aucun droit sur les contenus.<\/p>\n<p>Les droits d&rsquo;auteur et tous les autres droits relatifs aux contenus, images, photos ou autres fichiers figurant sur le site Internet de swisspro AG appartiennent exclusivement \u00e0 cette derni\u00e8re ou aux titulaires de droits sp\u00e9cialement cit\u00e9s. L&rsquo;autorisation \u00e9crite des d\u00e9tenteurs des droits d&rsquo;auteur doit \u00eatre obtenue au pr\u00e9alable pour la reproduction de tout \u00e9l\u00e9ment.[\/vc_column_text][\/vc_column][\/vc_row]<\/p>\n<\/div>","protected":false},"excerpt":{"rendered":"<p>[vc_row][vc_column][vc_column_text] Protection des donn\u00e9es Responsabilit\u00e9 Bien que swisspro AG veille avec le plus grand soin \u00e0 la justesse des informations publi\u00e9es, aucune garantie ne peut \u00eatre donn\u00e9e quant \u00e0 l&rsquo;exactitude, la pr\u00e9cision, l&rsquo;actualit\u00e9, la fiabilit\u00e9 et le caract\u00e8re complet du contenu de ces informations. swisspro AG se r\u00e9serve express\u00e9ment le droit de modifier, de supprimer&hellip;<\/p>\n","protected":false},"author":1,"featured_media":0,"parent":0,"menu_order":0,"comment_status":"closed","ping_status":"open","template":"","meta":{"footnotes":""},"class_list":["post-2225","page","type-page","status-publish","hentry","description-off"],"yoast_head":"<!-- This site is optimized with the Yoast SEO plugin v27.4 - https:\/\/yoast.com\/product\/yoast-seo-wordpress\/ -->\n<title>Protection des donn\u00e9es - swisspro<\/title>\n<meta name=\"robots\" content=\"index, follow, max-snippet:-1, max-image-preview:large, max-video-preview:-1\" \/>\n<link rel=\"canonical\" href=\"https:\/\/trusting-fermi.213-167-227-117.plesk.page\/fr\/protection-des-donnees\/\" \/>\n<meta property=\"og:locale\" content=\"fr_FR\" \/>\n<meta property=\"og:type\" content=\"article\" \/>\n<meta property=\"og:title\" content=\"Protection des donn\u00e9es - swisspro\" \/>\n<meta property=\"og:description\" content=\"[vc_row][vc_column][vc_column_text] Protection des donn\u00e9es Responsabilit\u00e9 Bien que swisspro AG veille avec le plus grand soin \u00e0 la justesse des informations publi\u00e9es, aucune garantie ne peut \u00eatre donn\u00e9e quant \u00e0 l&rsquo;exactitude, la pr\u00e9cision, l&rsquo;actualit\u00e9, la fiabilit\u00e9 et le caract\u00e8re complet du contenu de ces informations. swisspro AG se r\u00e9serve express\u00e9ment le droit de modifier, de supprimer&hellip;\" \/>\n<meta property=\"og:url\" content=\"https:\/\/trusting-fermi.213-167-227-117.plesk.page\/fr\/protection-des-donnees\/\" \/>\n<meta property=\"og:site_name\" content=\"swisspro\" \/>\n<meta property=\"article:modified_time\" content=\"2024-12-17T13:25:56+00:00\" \/>\n<meta name=\"twitter:card\" content=\"summary_large_image\" \/>\n<meta name=\"twitter:label1\" content=\"Dur\u00e9e de lecture estim\u00e9e\" \/>\n\t<meta name=\"twitter:data1\" content=\"8 minutes\" \/>\n<script type=\"application\/ld+json\" class=\"yoast-schema-graph\">{\"@context\":\"https:\\\/\\\/schema.org\",\"@graph\":[{\"@type\":\"WebPage\",\"@id\":\"https:\\\/\\\/trusting-fermi.213-167-227-117.plesk.page\\\/fr\\\/protection-des-donnees\\\/\",\"url\":\"https:\\\/\\\/trusting-fermi.213-167-227-117.plesk.page\\\/fr\\\/protection-des-donnees\\\/\",\"name\":\"Protection des donn\u00e9es - swisspro\",\"isPartOf\":{\"@id\":\"https:\\\/\\\/trusting-fermi.213-167-227-117.plesk.page\\\/#website\"},\"datePublished\":\"2024-10-03T07:34:13+00:00\",\"dateModified\":\"2024-12-17T13:25:56+00:00\",\"breadcrumb\":{\"@id\":\"https:\\\/\\\/trusting-fermi.213-167-227-117.plesk.page\\\/fr\\\/protection-des-donnees\\\/#breadcrumb\"},\"inLanguage\":\"fr-FR\",\"potentialAction\":[{\"@type\":\"ReadAction\",\"target\":[\"https:\\\/\\\/trusting-fermi.213-167-227-117.plesk.page\\\/fr\\\/protection-des-donnees\\\/\"]}]},{\"@type\":\"BreadcrumbList\",\"@id\":\"https:\\\/\\\/trusting-fermi.213-167-227-117.plesk.page\\\/fr\\\/protection-des-donnees\\\/#breadcrumb\",\"itemListElement\":[{\"@type\":\"ListItem\",\"position\":1,\"name\":\"Startseite\",\"item\":\"https:\\\/\\\/trusting-fermi.213-167-227-117.plesk.page\\\/fr\\\/\"},{\"@type\":\"ListItem\",\"position\":2,\"name\":\"Protection des donn\u00e9es\"}]},{\"@type\":\"WebSite\",\"@id\":\"https:\\\/\\\/trusting-fermi.213-167-227-117.plesk.page\\\/#website\",\"url\":\"https:\\\/\\\/trusting-fermi.213-167-227-117.plesk.page\\\/\",\"name\":\"swisspro\",\"description\":\"\",\"potentialAction\":[{\"@type\":\"SearchAction\",\"target\":{\"@type\":\"EntryPoint\",\"urlTemplate\":\"https:\\\/\\\/trusting-fermi.213-167-227-117.plesk.page\\\/?s={search_term_string}\"},\"query-input\":{\"@type\":\"PropertyValueSpecification\",\"valueRequired\":true,\"valueName\":\"search_term_string\"}}],\"inLanguage\":\"fr-FR\"}]}<\/script>\n<!-- \/ Yoast SEO plugin. -->","yoast_head_json":{"title":"Protection des donn\u00e9es - swisspro","robots":{"index":"index","follow":"follow","max-snippet":"max-snippet:-1","max-image-preview":"max-image-preview:large","max-video-preview":"max-video-preview:-1"},"canonical":"https:\/\/trusting-fermi.213-167-227-117.plesk.page\/fr\/protection-des-donnees\/","og_locale":"fr_FR","og_type":"article","og_title":"Protection des donn\u00e9es - swisspro","og_description":"[vc_row][vc_column][vc_column_text] Protection des donn\u00e9es Responsabilit\u00e9 Bien que swisspro AG veille avec le plus grand soin \u00e0 la justesse des informations publi\u00e9es, aucune garantie ne peut \u00eatre donn\u00e9e quant \u00e0 l&rsquo;exactitude, la pr\u00e9cision, l&rsquo;actualit\u00e9, la fiabilit\u00e9 et le caract\u00e8re complet du contenu de ces informations. swisspro AG se r\u00e9serve express\u00e9ment le droit de modifier, de supprimer&hellip;","og_url":"https:\/\/trusting-fermi.213-167-227-117.plesk.page\/fr\/protection-des-donnees\/","og_site_name":"swisspro","article_modified_time":"2024-12-17T13:25:56+00:00","twitter_card":"summary_large_image","twitter_misc":{"Dur\u00e9e de lecture estim\u00e9e":"8 minutes"},"schema":{"@context":"https:\/\/schema.org","@graph":[{"@type":"WebPage","@id":"https:\/\/trusting-fermi.213-167-227-117.plesk.page\/fr\/protection-des-donnees\/","url":"https:\/\/trusting-fermi.213-167-227-117.plesk.page\/fr\/protection-des-donnees\/","name":"Protection des donn\u00e9es - swisspro","isPartOf":{"@id":"https:\/\/trusting-fermi.213-167-227-117.plesk.page\/#website"},"datePublished":"2024-10-03T07:34:13+00:00","dateModified":"2024-12-17T13:25:56+00:00","breadcrumb":{"@id":"https:\/\/trusting-fermi.213-167-227-117.plesk.page\/fr\/protection-des-donnees\/#breadcrumb"},"inLanguage":"fr-FR","potentialAction":[{"@type":"ReadAction","target":["https:\/\/trusting-fermi.213-167-227-117.plesk.page\/fr\/protection-des-donnees\/"]}]},{"@type":"BreadcrumbList","@id":"https:\/\/trusting-fermi.213-167-227-117.plesk.page\/fr\/protection-des-donnees\/#breadcrumb","itemListElement":[{"@type":"ListItem","position":1,"name":"Startseite","item":"https:\/\/trusting-fermi.213-167-227-117.plesk.page\/fr\/"},{"@type":"ListItem","position":2,"name":"Protection des donn\u00e9es"}]},{"@type":"WebSite","@id":"https:\/\/trusting-fermi.213-167-227-117.plesk.page\/#website","url":"https:\/\/trusting-fermi.213-167-227-117.plesk.page\/","name":"swisspro","description":"","potentialAction":[{"@type":"SearchAction","target":{"@type":"EntryPoint","urlTemplate":"https:\/\/trusting-fermi.213-167-227-117.plesk.page\/?s={search_term_string}"},"query-input":{"@type":"PropertyValueSpecification","valueRequired":true,"valueName":"search_term_string"}}],"inLanguage":"fr-FR"}]}},"_links":{"self":[{"href":"https:\/\/trusting-fermi.213-167-227-117.plesk.page\/fr\/wp-json\/wp\/v2\/pages\/2225","targetHints":{"allow":["GET"]}}],"collection":[{"href":"https:\/\/trusting-fermi.213-167-227-117.plesk.page\/fr\/wp-json\/wp\/v2\/pages"}],"about":[{"href":"https:\/\/trusting-fermi.213-167-227-117.plesk.page\/fr\/wp-json\/wp\/v2\/types\/page"}],"author":[{"embeddable":true,"href":"https:\/\/trusting-fermi.213-167-227-117.plesk.page\/fr\/wp-json\/wp\/v2\/users\/1"}],"replies":[{"embeddable":true,"href":"https:\/\/trusting-fermi.213-167-227-117.plesk.page\/fr\/wp-json\/wp\/v2\/comments?post=2225"}],"version-history":[{"count":5,"href":"https:\/\/trusting-fermi.213-167-227-117.plesk.page\/fr\/wp-json\/wp\/v2\/pages\/2225\/revisions"}],"predecessor-version":[{"id":2662,"href":"https:\/\/trusting-fermi.213-167-227-117.plesk.page\/fr\/wp-json\/wp\/v2\/pages\/2225\/revisions\/2662"}],"wp:attachment":[{"href":"https:\/\/trusting-fermi.213-167-227-117.plesk.page\/fr\/wp-json\/wp\/v2\/media?parent=2225"}],"curies":[{"name":"wp","href":"https:\/\/api.w.org\/{rel}","templated":true}]}}