{"id":2232,"date":"2024-02-23T10:27:57","date_gmt":"2024-02-23T10:27:57","guid":{"rendered":"https:\/\/test1.swisspro.ch\/?page_id=2232"},"modified":"2025-01-28T10:35:54","modified_gmt":"2025-01-28T10:35:54","slug":"imprimer","status":"publish","type":"page","link":"https:\/\/trusting-fermi.213-167-227-117.plesk.page\/fr\/imprimer\/","title":{"rendered":"Impressum"},"content":{"rendered":"<div class=\"wpb-content-wrapper\"><p>[vc_row css=\u00a0\u00bb.vc_custom_1708676059286{margin-bottom: 0px !important;border-bottom-width: 0px !important;padding-top: 70px !important;padding-bottom: 100px !important;}\u00a0\u00bb][vc_column][vc_column_text css_animation=\u00a0\u00bbnone\u00a0\u00bb css=\u00a0\u00bb.vc_custom_1733657250588{margin-bottom: 0px !important;border-bottom-width: 0px !important;padding-bottom: 0px !important;}\u00a0\u00bb]<\/p>\n<h1>Imprimer<\/h1>\n<p>[\/vc_column_text][vc_column_text]<\/p>\n<h2>Responsabilit\u00e9 g\u00e9n\u00e9rale<\/h2>\n<p>&nbsp;<\/p>\n<p><strong>swisspro AG<\/strong><br \/>\nIn der Luberzen 1<br \/>\n8902 Urdorf<br \/>\n+41 44 444 11 22<br \/>\n<a href=\"mailto:info@swisspro.ch\">info@swisspro.ch<\/a><\/p>\n<p>&nbsp;<\/p>\n<p><strong>swisspro NW AG<\/strong><br \/>\nRingstrasse 9<br \/>\n4123 Allschwil<br \/>\n+41 61 206 15 15<br \/>\n<a href=\"mailto:infonw@swisspro.ch\">infonw@swisspro.ch<\/a><\/p>\n<p>&nbsp;<\/p>\n<p><strong>swisspro SR SA <\/strong><br \/>\nAvenue de Longemalle 13<br \/>\n1020 Renens<br \/>\n+41 21 654 22 22<br \/>\n<a href=\"mailto:infosr@swisspro.ch\">infosr@swisspro.ch<\/a><\/p>\n<p>&nbsp;<\/p>\n<p><strong>swisspro Automation AG<\/strong><br \/>\nIn der Luberzen 1<br \/>\n8902 Urdorf<br \/>\n+41 58 263 80 00<br \/>\n<a href=\"mailto:automation@swisspro.ch\">automation@swisspro.ch<\/a>[\/vc_column_text][vc_row_inner css=\u00a0\u00bb.vc_custom_1708676270417{padding-top: 50px !important;}\u00a0\u00bb][vc_column_inner width=\u00a0\u00bb1\/2&Prime;][vc_column_text]<\/p>\n<h2><strong>Design \/ Realisation<\/strong><\/h2>\n<p><strong>sehenswert Werbeagentur GmbH<\/strong><br \/>\nTittwiesenstrasse 25<br \/>\n7000 Chur<br \/>\nTel. 081 525 89 29<br \/>\n<a href=\"mailto:laax@sehenswert.ch\">mail@sehenswert.ch<\/a><br \/>\n<a href=\"https:\/\/www.sehenswert.ch\/\">sehenswert.ch<\/a>[\/vc_column_text][\/vc_column_inner][vc_column_inner width=\u00a0\u00bb1\/2&Prime;][\/vc_column_inner][\/vc_row_inner][vc_row_inner css=\u00a0\u00bb.vc_custom_1708676270417{padding-top: 50px !important;}\u00a0\u00bb][vc_column_inner width=\u00a0\u00bb1\/2&Prime;][vc_column_text]<\/p>\n<h2>Inscription au registre du commerce<\/h2>\n<table border=\"0\" width=\"493\" cellspacing=\"1\" cellpadding=\"1\">\n<tbody>\n<tr>\n<td>swisspro AG in Urdorf<\/td>\n<td>CHE-106.843.925<\/td>\n<\/tr>\n<tr>\n<td>swisspro NW AG in Allschwil<\/td>\n<td>CHE-112.359.750<\/td>\n<\/tr>\n<tr>\n<td>swisspro SR SA in Renens (VD)<\/td>\n<td>CHE-108.663.475<\/td>\n<\/tr>\n<tr>\n<td>swisspro Automation AG in Urdorf<\/td>\n<td>CHE-352.651.407<\/td>\n<\/tr>\n<\/tbody>\n<\/table>\n<p>[\/vc_column_text][vc_column_text]<\/p>\n<h2>Num\u00e9ro de TVA<\/h2>\n<table border=\"0\" width=\"497\" cellspacing=\"1\" cellpadding=\"1\">\n<tbody>\n<tr>\n<td>swisspro AG<\/td>\n<td>CHE-106.843.925 MWST<\/td>\n<\/tr>\n<tr>\n<td>swisspro NW AG<\/td>\n<td>CHE-112.359.750 MWST<\/td>\n<\/tr>\n<tr>\n<td>swisspro SR SA<\/td>\n<td>CHE-108.663.475 MWST<\/td>\n<\/tr>\n<tr>\n<td>swisspro Automation AG<\/td>\n<td>CHE-352.651.407 MWST<\/td>\n<\/tr>\n<\/tbody>\n<\/table>\n<p>[\/vc_column_text][\/vc_column_inner][vc_column_inner width=\u00a0\u00bb1\/2&Prime;][\/vc_column_inner][\/vc_row_inner][\/vc_column][\/vc_row]<\/p>\n<\/div>","protected":false},"excerpt":{"rendered":"<p>[vc_row css=\u00a0\u00bb.vc_custom_1708676059286{margin-bottom: 0px !important;border-bottom-width: 0px !important;padding-top: 70px !important;padding-bottom: 100px !important;}\u00a0\u00bb][vc_column][vc_column_text css_animation=\u00a0\u00bbnone\u00a0\u00bb css=\u00a0\u00bb.vc_custom_1733657250588{margin-bottom: 0px !important;border-bottom-width: 0px !important;padding-bottom: 0px !important;}\u00a0\u00bb] Imprimer [\/vc_column_text][vc_column_text] Responsabilit\u00e9 g\u00e9n\u00e9rale &nbsp; swisspro AG In der Luberzen 1 8902 Urdorf +41 44 444 11 22 info@swisspro.ch &nbsp; swisspro NW AG Ringstrasse 9 4123 Allschwil +41 61 206 15 15 infonw@swisspro.ch &nbsp; swisspro SR SA&hellip;<\/p>\n","protected":false},"author":1,"featured_media":0,"parent":0,"menu_order":0,"comment_status":"closed","ping_status":"open","template":"","meta":{"footnotes":""},"class_list":["post-2232","page","type-page","status-publish","hentry","description-off"],"yoast_head":"<!-- This site is optimized with the Yoast SEO plugin v27.4 - https:\/\/yoast.com\/product\/yoast-seo-wordpress\/ -->\n<title>Impressum - swisspro<\/title>\n<meta name=\"robots\" content=\"index, follow, max-snippet:-1, max-image-preview:large, max-video-preview:-1\" \/>\n<link rel=\"canonical\" href=\"https:\/\/trusting-fermi.213-167-227-117.plesk.page\/fr\/imprimer\/\" \/>\n<meta property=\"og:locale\" content=\"fr_FR\" \/>\n<meta property=\"og:type\" content=\"article\" \/>\n<meta property=\"og:title\" content=\"Impressum - swisspro\" \/>\n<meta property=\"og:description\" content=\"[vc_row css=\u00a0\u00bb.vc_custom_1708676059286{margin-bottom: 0px !important;border-bottom-width: 0px !important;padding-top: 70px !important;padding-bottom: 100px !important;}\u00a0\u00bb][vc_column][vc_column_text css_animation=\u00a0\u00bbnone\u00a0\u00bb css=\u00a0\u00bb.vc_custom_1733657250588{margin-bottom: 0px !important;border-bottom-width: 0px !important;padding-bottom: 0px !important;}\u00a0\u00bb] Imprimer [\/vc_column_text][vc_column_text] Responsabilit\u00e9 g\u00e9n\u00e9rale &nbsp; swisspro AG In der Luberzen 1 8902 Urdorf +41 44 444 11 22 info@swisspro.ch &nbsp; swisspro NW AG Ringstrasse 9 4123 Allschwil +41 61 206 15 15 infonw@swisspro.ch &nbsp; swisspro SR SA&hellip;\" \/>\n<meta property=\"og:url\" content=\"https:\/\/trusting-fermi.213-167-227-117.plesk.page\/fr\/imprimer\/\" \/>\n<meta property=\"og:site_name\" content=\"swisspro\" \/>\n<meta property=\"article:modified_time\" content=\"2025-01-28T10:35:54+00:00\" \/>\n<meta name=\"twitter:card\" content=\"summary_large_image\" \/>\n<meta name=\"twitter:label1\" content=\"Dur\u00e9e de lecture estim\u00e9e\" \/>\n\t<meta name=\"twitter:data1\" content=\"1 minute\" \/>\n<script type=\"application\/ld+json\" class=\"yoast-schema-graph\">{\"@context\":\"https:\\\/\\\/schema.org\",\"@graph\":[{\"@type\":\"WebPage\",\"@id\":\"https:\\\/\\\/trusting-fermi.213-167-227-117.plesk.page\\\/fr\\\/imprimer\\\/\",\"url\":\"https:\\\/\\\/trusting-fermi.213-167-227-117.plesk.page\\\/fr\\\/imprimer\\\/\",\"name\":\"Impressum - swisspro\",\"isPartOf\":{\"@id\":\"https:\\\/\\\/trusting-fermi.213-167-227-117.plesk.page\\\/#website\"},\"datePublished\":\"2024-02-23T10:27:57+00:00\",\"dateModified\":\"2025-01-28T10:35:54+00:00\",\"breadcrumb\":{\"@id\":\"https:\\\/\\\/trusting-fermi.213-167-227-117.plesk.page\\\/fr\\\/imprimer\\\/#breadcrumb\"},\"inLanguage\":\"fr-FR\",\"potentialAction\":[{\"@type\":\"ReadAction\",\"target\":[\"https:\\\/\\\/trusting-fermi.213-167-227-117.plesk.page\\\/fr\\\/imprimer\\\/\"]}]},{\"@type\":\"BreadcrumbList\",\"@id\":\"https:\\\/\\\/trusting-fermi.213-167-227-117.plesk.page\\\/fr\\\/imprimer\\\/#breadcrumb\",\"itemListElement\":[{\"@type\":\"ListItem\",\"position\":1,\"name\":\"Startseite\",\"item\":\"https:\\\/\\\/trusting-fermi.213-167-227-117.plesk.page\\\/fr\\\/\"},{\"@type\":\"ListItem\",\"position\":2,\"name\":\"Impressum\"}]},{\"@type\":\"WebSite\",\"@id\":\"https:\\\/\\\/trusting-fermi.213-167-227-117.plesk.page\\\/#website\",\"url\":\"https:\\\/\\\/trusting-fermi.213-167-227-117.plesk.page\\\/\",\"name\":\"swisspro\",\"description\":\"\",\"potentialAction\":[{\"@type\":\"SearchAction\",\"target\":{\"@type\":\"EntryPoint\",\"urlTemplate\":\"https:\\\/\\\/trusting-fermi.213-167-227-117.plesk.page\\\/?s={search_term_string}\"},\"query-input\":{\"@type\":\"PropertyValueSpecification\",\"valueRequired\":true,\"valueName\":\"search_term_string\"}}],\"inLanguage\":\"fr-FR\"}]}<\/script>\n<!-- \/ Yoast SEO plugin. -->","yoast_head_json":{"title":"Impressum - swisspro","robots":{"index":"index","follow":"follow","max-snippet":"max-snippet:-1","max-image-preview":"max-image-preview:large","max-video-preview":"max-video-preview:-1"},"canonical":"https:\/\/trusting-fermi.213-167-227-117.plesk.page\/fr\/imprimer\/","og_locale":"fr_FR","og_type":"article","og_title":"Impressum - swisspro","og_description":"[vc_row css=\u00a0\u00bb.vc_custom_1708676059286{margin-bottom: 0px !important;border-bottom-width: 0px !important;padding-top: 70px !important;padding-bottom: 100px !important;}\u00a0\u00bb][vc_column][vc_column_text css_animation=\u00a0\u00bbnone\u00a0\u00bb css=\u00a0\u00bb.vc_custom_1733657250588{margin-bottom: 0px !important;border-bottom-width: 0px !important;padding-bottom: 0px !important;}\u00a0\u00bb] Imprimer [\/vc_column_text][vc_column_text] Responsabilit\u00e9 g\u00e9n\u00e9rale &nbsp; swisspro AG In der Luberzen 1 8902 Urdorf +41 44 444 11 22 info@swisspro.ch &nbsp; swisspro NW AG Ringstrasse 9 4123 Allschwil +41 61 206 15 15 infonw@swisspro.ch &nbsp; swisspro SR SA&hellip;","og_url":"https:\/\/trusting-fermi.213-167-227-117.plesk.page\/fr\/imprimer\/","og_site_name":"swisspro","article_modified_time":"2025-01-28T10:35:54+00:00","twitter_card":"summary_large_image","twitter_misc":{"Dur\u00e9e de lecture estim\u00e9e":"1 minute"},"schema":{"@context":"https:\/\/schema.org","@graph":[{"@type":"WebPage","@id":"https:\/\/trusting-fermi.213-167-227-117.plesk.page\/fr\/imprimer\/","url":"https:\/\/trusting-fermi.213-167-227-117.plesk.page\/fr\/imprimer\/","name":"Impressum - swisspro","isPartOf":{"@id":"https:\/\/trusting-fermi.213-167-227-117.plesk.page\/#website"},"datePublished":"2024-02-23T10:27:57+00:00","dateModified":"2025-01-28T10:35:54+00:00","breadcrumb":{"@id":"https:\/\/trusting-fermi.213-167-227-117.plesk.page\/fr\/imprimer\/#breadcrumb"},"inLanguage":"fr-FR","potentialAction":[{"@type":"ReadAction","target":["https:\/\/trusting-fermi.213-167-227-117.plesk.page\/fr\/imprimer\/"]}]},{"@type":"BreadcrumbList","@id":"https:\/\/trusting-fermi.213-167-227-117.plesk.page\/fr\/imprimer\/#breadcrumb","itemListElement":[{"@type":"ListItem","position":1,"name":"Startseite","item":"https:\/\/trusting-fermi.213-167-227-117.plesk.page\/fr\/"},{"@type":"ListItem","position":2,"name":"Impressum"}]},{"@type":"WebSite","@id":"https:\/\/trusting-fermi.213-167-227-117.plesk.page\/#website","url":"https:\/\/trusting-fermi.213-167-227-117.plesk.page\/","name":"swisspro","description":"","potentialAction":[{"@type":"SearchAction","target":{"@type":"EntryPoint","urlTemplate":"https:\/\/trusting-fermi.213-167-227-117.plesk.page\/?s={search_term_string}"},"query-input":{"@type":"PropertyValueSpecification","valueRequired":true,"valueName":"search_term_string"}}],"inLanguage":"fr-FR"}]}},"_links":{"self":[{"href":"https:\/\/trusting-fermi.213-167-227-117.plesk.page\/fr\/wp-json\/wp\/v2\/pages\/2232","targetHints":{"allow":["GET"]}}],"collection":[{"href":"https:\/\/trusting-fermi.213-167-227-117.plesk.page\/fr\/wp-json\/wp\/v2\/pages"}],"about":[{"href":"https:\/\/trusting-fermi.213-167-227-117.plesk.page\/fr\/wp-json\/wp\/v2\/types\/page"}],"author":[{"embeddable":true,"href":"https:\/\/trusting-fermi.213-167-227-117.plesk.page\/fr\/wp-json\/wp\/v2\/users\/1"}],"replies":[{"embeddable":true,"href":"https:\/\/trusting-fermi.213-167-227-117.plesk.page\/fr\/wp-json\/wp\/v2\/comments?post=2232"}],"version-history":[{"count":6,"href":"https:\/\/trusting-fermi.213-167-227-117.plesk.page\/fr\/wp-json\/wp\/v2\/pages\/2232\/revisions"}],"predecessor-version":[{"id":2703,"href":"https:\/\/trusting-fermi.213-167-227-117.plesk.page\/fr\/wp-json\/wp\/v2\/pages\/2232\/revisions\/2703"}],"wp:attachment":[{"href":"https:\/\/trusting-fermi.213-167-227-117.plesk.page\/fr\/wp-json\/wp\/v2\/media?parent=2232"}],"curies":[{"name":"wp","href":"https:\/\/api.w.org\/{rel}","templated":true}]}}